{"id":237,"date":"2023-08-01T15:36:24","date_gmt":"2023-08-01T13:36:24","guid":{"rendered":"https:\/\/atlanthal.maintenance.madare.dev\/actualites\/"},"modified":"2026-03-25T12:31:50","modified_gmt":"2026-03-25T11:31:50","slug":"conseils-actualites","status":"publish","type":"page","link":"https:\/\/atlanthal.maintenance.madare.dev\/en\/conseils-actualites\/","title":{"rendered":"Tips &amp; News"},"content":{"rendered":"<div data-elementor-type=\"wp-page\" data-elementor-id=\"237\" class=\"elementor elementor-237\" data-elementor-post-type=\"page\">\n\t\t\t\t<div class=\"elementor-element elementor-element-47252dc1 e-con-full e-flex e-con e-parent\" data-id=\"47252dc1\" data-element_type=\"container\" data-settings=\"{&quot;background_background&quot;:&quot;classic&quot;}\">\n\t\t<div class=\"elementor-element elementor-element-2783d522 e-flex e-con-boxed e-con e-child\" data-id=\"2783d522\" data-element_type=\"container\">\n\t\t\t\t\t<div class=\"e-con-inner\">\n\t\t\t\t<div class=\"elementor-element elementor-element-7c4d4080 elementor-widget elementor-widget-heading\" data-id=\"7c4d4080\" data-element_type=\"widget\" data-widget_type=\"heading.default\">\n\t\t\t\t<div class=\"elementor-widget-container\">\n\t\t\t\t\t<h1 class=\"elementor-heading-title elementor-size-default\">Tips &amp; News<\/h1>\t\t\t\t<\/div>\n\t\t\t\t<\/div>\n\t\t\t\t<div class=\"elementor-element elementor-element-70b5811c elementor-view-default elementor-widget elementor-widget-icon\" data-id=\"70b5811c\" data-element_type=\"widget\" data-widget_type=\"icon.default\">\n\t\t\t\t<div class=\"elementor-widget-container\">\n\t\t\t\t\t\t\t<div class=\"elementor-icon-wrapper\">\n\t\t\t<div class=\"elementor-icon\">\n\t\t\t<svg xmlns=\"http:\/\/www.w3.org\/2000\/svg\" width=\"4721\" height=\"1024\" viewbox=\"0 0 4721 1024\"><title><\/title><g id=\"icomoon-ignore\"><\/g><path d=\"M4719.542 686.137c-14.578-16.391-29.63-30.797-45.731-43.933l-0.218-0.176c-122.573-60.482-570.066-175.569-966.051-221.99-367.583-47.829-787.155-60.53-1213.579-30.621-77.228 5.417-154.039 12.186-230.41 20.283l11.070-1.091c-681.528 68.27-1275.654 115.060-1579.65 85.212-377.404-36.852-611.317-125.343-675.959-162.385l-7.504 2.445c141.201 115.371 309.437 199.358 492.55 241.439l8.695 1.64c377.96 99.496 793.208 119.621 1398.815 54.117 647.481-70.36 1808.145-238.118 2823.135 70.626z\"><\/path><\/svg>\t\t\t<\/div>\n\t\t<\/div>\n\t\t\t\t\t\t<\/div>\n\t\t\t\t<\/div>\n\t\t\t\t\t<\/div>\n\t\t\t\t<\/div>\n\t\t\t\t<\/div>\n\t\t<div class=\"elementor-element elementor-element-35dc1a90 e-flex e-con-boxed e-con e-parent\" data-id=\"35dc1a90\" data-element_type=\"container\">\n\t\t\t\t\t<div class=\"e-con-inner\">\n\t\t\t\t<div class=\"elementor-element elementor-element-3d174386 elementor-widget elementor-widget-heading\" data-id=\"3d174386\" data-element_type=\"widget\" data-widget_type=\"heading.default\">\n\t\t\t\t<div class=\"elementor-widget-container\">\n\t\t\t\t\t<h2 class=\"elementor-heading-title elementor-size-default\"><h2 data-elementor-setting-key=\"title\" data-pen-placeholder=\"\u00c9crivez ici...\" style=\", sans-serif;font-weight: 400;line-height: 42px;font-size: 35px;text-transform: uppercase\">Tips &amp; News<\/h2><\/h2>\t\t\t\t<\/div>\n\t\t\t\t<\/div>\n\t\t\t\t<div class=\"elementor-element elementor-element-159fea79 elementor-view-default elementor-widget elementor-widget-icon\" data-id=\"159fea79\" data-element_type=\"widget\" data-widget_type=\"icon.default\">\n\t\t\t\t<div class=\"elementor-widget-container\">\n\t\t\t\t\t\t\t<div class=\"elementor-icon-wrapper\">\n\t\t\t<div class=\"elementor-icon\">\n\t\t\t<svg xmlns=\"http:\/\/www.w3.org\/2000\/svg\" width=\"4721\" height=\"1024\" viewbox=\"0 0 4721 1024\"><title><\/title><g id=\"icomoon-ignore\"><\/g><path d=\"M4719.542 686.137c-14.578-16.391-29.63-30.797-45.731-43.933l-0.218-0.176c-122.573-60.482-570.066-175.569-966.051-221.99-367.583-47.829-787.155-60.53-1213.579-30.621-77.228 5.417-154.039 12.186-230.41 20.283l11.070-1.091c-681.528 68.27-1275.654 115.060-1579.65 85.212-377.404-36.852-611.317-125.343-675.959-162.385l-7.504 2.445c141.201 115.371 309.437 199.358 492.55 241.439l8.695 1.64c377.96 99.496 793.208 119.621 1398.815 54.117 647.481-70.36 1808.145-238.118 2823.135 70.626z\"><\/path><\/svg>\t\t\t<\/div>\n\t\t<\/div>\n\t\t\t\t\t\t<\/div>\n\t\t\t\t<\/div>\n\t\t\t\t<div class=\"elementor-element elementor-element-18317cf2 elementor-widget__width-initial elementor-widget elementor-widget-text-editor\" data-id=\"18317cf2\" data-element_type=\"widget\" data-widget_type=\"text-editor.default\">\n\t\t\t\t<div class=\"elementor-widget-container\">\n\t\t\t\t\t\t\t\t\t<p>Discover all the news and advice from Belha Collection and the group's establishments<\/p>\t\t\t\t\t\t\t\t<\/div>\n\t\t\t\t<\/div>\n\t\t\t\t\t<\/div>\n\t\t\t\t<\/div>\n\t\t<div class=\"elementor-element elementor-element-39cc9173 e-flex e-con-boxed e-con e-parent\" data-id=\"39cc9173\" data-element_type=\"container\">\n\t\t\t\t\t<div class=\"e-con-inner\">\n\t\t<div class=\"elementor-element elementor-element-31d1bcb e-flex e-con-boxed e-con e-child\" data-id=\"31d1bcb\" data-element_type=\"container\">\n\t\t\t\t\t<div class=\"e-con-inner\">\n\t\t\t\t<div class=\"elementor-element elementor-element-1c06ebb elementor-grid-3 elementor-grid-tablet-2 elementor-grid-mobile-1 elementor-widget elementor-widget-loop-grid\" data-id=\"1c06ebb\" data-element_type=\"widget\" data-settings=\"{&quot;template_id&quot;:&quot;76&quot;,&quot;pagination_type&quot;:&quot;numbers&quot;,&quot;_skin&quot;:&quot;post&quot;,&quot;columns&quot;:&quot;3&quot;,&quot;columns_tablet&quot;:&quot;2&quot;,&quot;columns_mobile&quot;:&quot;1&quot;,&quot;edit_handle_selector&quot;:&quot;[data-elementor-type=\\&quot;loop-item\\&quot;]&quot;,&quot;pagination_load_type&quot;:&quot;page_reload&quot;,&quot;row_gap&quot;:{&quot;unit&quot;:&quot;px&quot;,&quot;size&quot;:&quot;&quot;,&quot;sizes&quot;:[]},&quot;row_gap_laptop&quot;:{&quot;unit&quot;:&quot;px&quot;,&quot;size&quot;:&quot;&quot;,&quot;sizes&quot;:[]},&quot;row_gap_tablet&quot;:{&quot;unit&quot;:&quot;px&quot;,&quot;size&quot;:&quot;&quot;,&quot;sizes&quot;:[]},&quot;row_gap_mobile&quot;:{&quot;unit&quot;:&quot;px&quot;,&quot;size&quot;:&quot;&quot;,&quot;sizes&quot;:[]}}\" data-widget_type=\"loop-grid.post\">\n\t\t\t\t<div class=\"elementor-widget-container\">\n\t\t\t\t\t\t\t<div class=\"elementor-loop-container elementor-grid\" role=\"list\">\n\t\t<style id=\"loop-dynamic-76\">.e-loop-item-5549 .elementor-element.elementor-element-f750e56:not(.elementor-motion-effects-element-type-background), .e-loop-item-5549 .elementor-element.elementor-element-f750e56 > .elementor-motion-effects-container > .elementor-motion-effects-layer{background-image:url(\"https:\/\/atlanthal.maintenance.madare.dev\/wp-content\/uploads\/2023\/08\/eau.jpg\");}<\/style><style id=\"loop-76\">.elementor-76 .elementor-element.elementor-element-1e6e9ac3{--display:flex;--min-height:260px;--align-items:center;--container-widget-width:calc( ( 1 - var( --container-widget-flex-grow ) ) * 100% );--gap:0px 0px;--row-gap:0px;--column-gap:0px;border-style:solid;--border-style:solid;border-width:0px 0px 0px 0px;--border-top-width:0px;--border-right-width:0px;--border-bottom-width:0px;--border-left-width:0px;border-color:#A4A4A482;--border-color:#A4A4A482;--padding-top:0em;--padding-bottom:0em;--padding-left:0em;--padding-right:0em;}.elementor-76 .elementor-element.elementor-element-1e6e9ac3:not(.elementor-motion-effects-element-type-background), .elementor-76 .elementor-element.elementor-element-1e6e9ac3 > .elementor-motion-effects-container > .elementor-motion-effects-layer{background-color:var( --e-global-color-27be0bc );}.elementor-76 .elementor-element.elementor-element-f750e56{--display:flex;--min-height:250px;--align-items:flex-start;--container-widget-width:calc( ( 1 - var( --container-widget-flex-grow ) ) * 100% );--gap:0px 0px;--row-gap:0px;--column-gap:0px;--overlay-opacity:0;border-style:none;--border-style:none;--margin-top:0px;--margin-bottom:0px;--margin-left:0px;--margin-right:0px;--padding-top:0em;--padding-bottom:0em;--padding-left:0em;--padding-right:0em;}.elementor-76 .elementor-element.elementor-element-f750e56::before, .elementor-76 .elementor-element.elementor-element-f750e56 > .elementor-background-video-container::before, .elementor-76 .elementor-element.elementor-element-f750e56 > .e-con-inner > .elementor-background-video-container::before, .elementor-76 .elementor-element.elementor-element-f750e56 > .elementor-background-slideshow::before, .elementor-76 .elementor-element.elementor-element-f750e56 > .e-con-inner > .elementor-background-slideshow::before, .elementor-76 .elementor-element.elementor-element-f750e56 > .elementor-motion-effects-container > .elementor-motion-effects-layer::before{background-color:var( --e-global-color-59584fc );--background-overlay:'';}.elementor-76 .elementor-element.elementor-element-f750e56:not(.elementor-motion-effects-element-type-background), .elementor-76 .elementor-element.elementor-element-f750e56 > .elementor-motion-effects-container > .elementor-motion-effects-layer{background-position:center center;background-size:cover;}.elementor-76 .elementor-element.elementor-element-0bc381a{--display:flex;--gap:0px 0px;--row-gap:0px;--column-gap:0px;border-style:solid;--border-style:solid;border-width:1px 1px 1px 1px;--border-top-width:1px;--border-right-width:1px;--border-bottom-width:1px;--border-left-width:1px;border-color:#D5D8DC;--border-color:#D5D8DC;--margin-top:0px;--margin-bottom:0px;--margin-left:0px;--margin-right:0px;--padding-top:0px;--padding-bottom:0px;--padding-left:0px;--padding-right:0px;}.elementor-widget-heading .elementor-heading-title{font-family:var( --e-global-typography-primary-font-family ), Sans-serif;font-weight:var( --e-global-typography-primary-font-weight );color:var( --e-global-color-primary );}.elementor-76 .elementor-element.elementor-element-452e118 > .elementor-widget-container{margin:8px 16px 8px 16px;}.elementor-76 .elementor-element.elementor-element-452e118 .elementor-heading-title{font-family:\"Playfair Display\", Sans-serif;font-size:32px;font-weight:400;color:var( --e-global-color-secondary );}.elementor-widget-text-editor{font-family:var( --e-global-typography-text-font-family ), Sans-serif;font-size:var( --e-global-typography-text-font-size );font-weight:var( --e-global-typography-text-font-weight );color:var( --e-global-color-text );}.elementor-widget-text-editor.elementor-drop-cap-view-stacked .elementor-drop-cap{background-color:var( --e-global-color-primary );}.elementor-widget-text-editor.elementor-drop-cap-view-framed .elementor-drop-cap, .elementor-widget-text-editor.elementor-drop-cap-view-default .elementor-drop-cap{color:var( --e-global-color-primary );border-color:var( --e-global-color-primary );}.elementor-76 .elementor-element.elementor-element-6ee399c > .elementor-widget-container{padding:0px 16px 0px 16px;}.elementor-76 .elementor-element.elementor-element-6ee399c{color:var( --e-global-color-text );}.elementor-76 .elementor-element.elementor-element-2eaee3d{--display:flex;border-style:solid;--border-style:solid;border-width:0px 1px 1px 1px;--border-top-width:0px;--border-right-width:1px;--border-bottom-width:1px;--border-left-width:1px;border-color:#D5D8DC;--border-color:#D5D8DC;--border-radius:0px 0px 0px 0px;--padding-top:0px;--padding-bottom:0px;--padding-left:0px;--padding-right:0px;}.elementor-widget-button .elementor-button{background-color:var( --e-global-color-accent );font-family:var( --e-global-typography-accent-font-family ), Sans-serif;font-weight:var( --e-global-typography-accent-font-weight );}.elementor-76 .elementor-element.elementor-element-1724d3e .elementor-button{background-color:var( --e-global-color-27be0bc );font-family:var( --e-global-typography-secondary-font-family ), Sans-serif;font-weight:var( --e-global-typography-secondary-font-weight );fill:var( --e-global-color-secondary );color:var( --e-global-color-secondary );transition-duration:0.5s;border-style:solid;border-width:1px 1px 1px 1px;border-color:var( --e-global-color-secondary );}.elementor-76 .elementor-element.elementor-element-1724d3e .elementor-button:hover, .elementor-76 .elementor-element.elementor-element-1724d3e .elementor-button:focus{background-color:var( --e-global-color-secondary );color:var( --e-global-color-27be0bc );border-color:var( --e-global-color-secondary );}.elementor-76 .elementor-element.elementor-element-1724d3e > .elementor-widget-container{margin:16px 16px 16px 16px;border-radius:0px 0px 0px 0px;}.elementor-76 .elementor-element.elementor-element-1724d3e .elementor-button:hover svg, .elementor-76 .elementor-element.elementor-element-1724d3e .elementor-button:focus svg{fill:var( --e-global-color-27be0bc );}@media(max-width:1366px){.elementor-76 .elementor-element.elementor-element-1e6e9ac3{--min-height:500px;}.elementor-76 .elementor-element.elementor-element-f750e56{--min-height:500px;}.elementor-widget-text-editor{font-size:var( --e-global-typography-text-font-size );}}@media(max-width:1024px){.elementor-76 .elementor-element.elementor-element-1e6e9ac3{--min-height:450px;}.elementor-76 .elementor-element.elementor-element-f750e56{--min-height:450px;}.elementor-widget-text-editor{font-size:var( --e-global-typography-text-font-size );}}@media(max-width:767px){.elementor-76 .elementor-element.elementor-element-1e6e9ac3{--min-height:400px;}.elementor-76 .elementor-element.elementor-element-f750e56{--min-height:400px;}.elementor-widget-text-editor{font-size:var( --e-global-typography-text-font-size );}}@media(min-width:768px){.elementor-76 .elementor-element.elementor-element-1e6e9ac3{--width:100%;}}@media(max-width:1024px) and (min-width:768px){.elementor-76 .elementor-element.elementor-element-1e6e9ac3{--width:100%;}}<\/style>\t\t<div data-elementor-type=\"loop-item\" data-elementor-id=\"76\" class=\"elementor elementor-76 e-loop-item e-loop-item-5549 post-5549 post type-post status-publish format-standard hentry category-actualites\" data-elementor-post-type=\"elementor_library\" data-custom-edit-handle=\"1\">\n\t\t\t<div class=\"elementor-element elementor-element-1e6e9ac3 e-con-full e-flex e-con e-parent\" data-id=\"1e6e9ac3\" data-element_type=\"container\" data-settings=\"{&quot;background_background&quot;:&quot;classic&quot;}\">\n\t\t<div class=\"elementor-element elementor-element-f750e56 e-con-full e-flex e-con e-child\" data-id=\"f750e56\" data-element_type=\"container\" data-settings=\"{&quot;background_background&quot;:&quot;classic&quot;}\">\n\t\t\t\t<\/div>\n\t\t<div class=\"elementor-element elementor-element-0bc381a e-con-full e-flex e-con e-child\" data-id=\"0bc381a\" data-element_type=\"container\">\n\t\t\t\t<div class=\"elementor-element elementor-element-452e118 elementor-widget elementor-widget-heading\" data-id=\"452e118\" data-element_type=\"widget\" data-widget_type=\"heading.default\">\n\t\t\t\t<div class=\"elementor-widget-container\">\n\t\t\t\t\t<h2 class=\"elementor-heading-title elementor-size-default\">Lorem Ipsum 04<\/h2>\t\t\t\t<\/div>\n\t\t\t\t<\/div>\n\t\t\t\t<div class=\"elementor-element elementor-element-6ee399c elementor-widget elementor-widget-text-editor\" data-id=\"6ee399c\" data-element_type=\"widget\" data-widget_type=\"text-editor.default\">\n\t\t\t\t<div class=\"elementor-widget-container\">\n\t\t\t\t\t\t\t\t\t<p>Lorem ipsum dolor sit amet, consectetur adipiscing elit, sed do eiusmod tempor incididunt ut labore et dolore magna aliqua. Ut\t\t\t\t\t\t\t\t<\/div>\n\t\t\t\t<\/div>\n\t\t\t\t<\/div>\n\t\t<div class=\"elementor-element elementor-element-2eaee3d e-con-full e-flex e-con e-child\" data-id=\"2eaee3d\" data-element_type=\"container\">\n\t\t\t\t<div class=\"elementor-element elementor-element-1724d3e elementor-align-center elementor-widget elementor-widget-button\" data-id=\"1724d3e\" data-element_type=\"widget\" data-widget_type=\"button.default\">\n\t\t\t\t<div class=\"elementor-widget-container\">\n\t\t\t\t\t\t\t\t\t<div class=\"elementor-button-wrapper\">\n\t\t\t\t\t<a class=\"elementor-button elementor-button-link elementor-size-sm\" href=\"https:\/\/atlanthal.maintenance.madare.dev\/en\/lorem-ipsum-4\/\">\n\t\t\t\t\t\t<span class=\"elementor-button-content-wrapper\">\n\t\t\t\t\t\t\t\t\t<span class=\"elementor-button-text\">Find out more<\/span>\n\t\t\t\t\t<\/span>\n\t\t\t\t\t<\/a>\n\t\t\t\t<\/div>\n\t\t\t\t\t\t\t\t<\/div>\n\t\t\t\t<\/div>\n\t\t\t\t<\/div>\n\t\t\t\t<\/div>\n\t\t\t\t<\/div>\n\t\t<style id=\"loop-dynamic-76\">.e-loop-item-5548 .elementor-element.elementor-element-f750e56:not(.elementor-motion-effects-element-type-background), .e-loop-item-5548 .elementor-element.elementor-element-f750e56 > .elementor-motion-effects-container > .elementor-motion-effects-layer{background-image:url(\"https:\/\/atlanthal.maintenance.madare.dev\/wp-content\/uploads\/2023\/08\/eau.jpg\");}<\/style>\t\t<div data-elementor-type=\"loop-item\" data-elementor-id=\"76\" class=\"elementor elementor-76 e-loop-item e-loop-item-5548 post-5548 post type-post status-publish format-standard hentry category-actualites\" data-elementor-post-type=\"elementor_library\" data-custom-edit-handle=\"1\">\n\t\t\t<div class=\"elementor-element elementor-element-1e6e9ac3 e-con-full e-flex e-con e-parent\" data-id=\"1e6e9ac3\" data-element_type=\"container\" data-settings=\"{&quot;background_background&quot;:&quot;classic&quot;}\">\n\t\t<div class=\"elementor-element elementor-element-f750e56 e-con-full e-flex e-con e-child\" data-id=\"f750e56\" data-element_type=\"container\" data-settings=\"{&quot;background_background&quot;:&quot;classic&quot;}\">\n\t\t\t\t<\/div>\n\t\t<div class=\"elementor-element elementor-element-0bc381a e-con-full e-flex e-con e-child\" data-id=\"0bc381a\" data-element_type=\"container\">\n\t\t\t\t<div class=\"elementor-element elementor-element-452e118 elementor-widget elementor-widget-heading\" data-id=\"452e118\" data-element_type=\"widget\" data-widget_type=\"heading.default\">\n\t\t\t\t<div class=\"elementor-widget-container\">\n\t\t\t\t\t<h2 class=\"elementor-heading-title elementor-size-default\">Lorem Ipsum 03<\/h2>\t\t\t\t<\/div>\n\t\t\t\t<\/div>\n\t\t\t\t<div class=\"elementor-element elementor-element-6ee399c elementor-widget elementor-widget-text-editor\" data-id=\"6ee399c\" data-element_type=\"widget\" data-widget_type=\"text-editor.default\">\n\t\t\t\t<div class=\"elementor-widget-container\">\n\t\t\t\t\t\t\t\t\t<p>Lorem ipsum dolor sit amet, consectetur adipiscing elit, sed do eiusmod tempor incididunt ut labore et dolore magna aliqua. Ut\t\t\t\t\t\t\t\t<\/div>\n\t\t\t\t<\/div>\n\t\t\t\t<\/div>\n\t\t<div class=\"elementor-element elementor-element-2eaee3d e-con-full e-flex e-con e-child\" data-id=\"2eaee3d\" data-element_type=\"container\">\n\t\t\t\t<div class=\"elementor-element elementor-element-1724d3e elementor-align-center elementor-widget elementor-widget-button\" data-id=\"1724d3e\" data-element_type=\"widget\" data-widget_type=\"button.default\">\n\t\t\t\t<div class=\"elementor-widget-container\">\n\t\t\t\t\t\t\t\t\t<div class=\"elementor-button-wrapper\">\n\t\t\t\t\t<a class=\"elementor-button elementor-button-link elementor-size-sm\" href=\"https:\/\/atlanthal.maintenance.madare.dev\/en\/lorem-ipsum-3\/\">\n\t\t\t\t\t\t<span class=\"elementor-button-content-wrapper\">\n\t\t\t\t\t\t\t\t\t<span class=\"elementor-button-text\">Find out more<\/span>\n\t\t\t\t\t<\/span>\n\t\t\t\t\t<\/a>\n\t\t\t\t<\/div>\n\t\t\t\t\t\t\t\t<\/div>\n\t\t\t\t<\/div>\n\t\t\t\t<\/div>\n\t\t\t\t<\/div>\n\t\t\t\t<\/div>\n\t\t<style id=\"loop-dynamic-76\">.e-loop-item-5546 .elementor-element.elementor-element-f750e56:not(.elementor-motion-effects-element-type-background), .e-loop-item-5546 .elementor-element.elementor-element-f750e56 > .elementor-motion-effects-container > .elementor-motion-effects-layer{background-image:url(\"https:\/\/atlanthal.maintenance.madare.dev\/wp-content\/uploads\/2023\/08\/eau.jpg\");}<\/style>\t\t<div data-elementor-type=\"loop-item\" data-elementor-id=\"76\" class=\"elementor elementor-76 e-loop-item e-loop-item-5546 post-5546 post type-post status-publish format-standard hentry category-actualites\" data-elementor-post-type=\"elementor_library\" data-custom-edit-handle=\"1\">\n\t\t\t<div class=\"elementor-element elementor-element-1e6e9ac3 e-con-full e-flex e-con e-parent\" data-id=\"1e6e9ac3\" data-element_type=\"container\" data-settings=\"{&quot;background_background&quot;:&quot;classic&quot;}\">\n\t\t<div class=\"elementor-element elementor-element-f750e56 e-con-full e-flex e-con e-child\" data-id=\"f750e56\" data-element_type=\"container\" data-settings=\"{&quot;background_background&quot;:&quot;classic&quot;}\">\n\t\t\t\t<\/div>\n\t\t<div class=\"elementor-element elementor-element-0bc381a e-con-full e-flex e-con e-child\" data-id=\"0bc381a\" data-element_type=\"container\">\n\t\t\t\t<div class=\"elementor-element elementor-element-452e118 elementor-widget elementor-widget-heading\" data-id=\"452e118\" data-element_type=\"widget\" data-widget_type=\"heading.default\">\n\t\t\t\t<div class=\"elementor-widget-container\">\n\t\t\t\t\t<h2 class=\"elementor-heading-title elementor-size-default\">Lorem Ipsum 02<\/h2>\t\t\t\t<\/div>\n\t\t\t\t<\/div>\n\t\t\t\t<div class=\"elementor-element elementor-element-6ee399c elementor-widget elementor-widget-text-editor\" data-id=\"6ee399c\" data-element_type=\"widget\" data-widget_type=\"text-editor.default\">\n\t\t\t\t<div class=\"elementor-widget-container\">\n\t\t\t\t\t\t\t\t\t<p>Lorem ipsum dolor sit amet, consectetur adipiscing elit, sed do eiusmod tempor incididunt ut labore et dolore magna aliqua. Ut\t\t\t\t\t\t\t\t<\/div>\n\t\t\t\t<\/div>\n\t\t\t\t<\/div>\n\t\t<div class=\"elementor-element elementor-element-2eaee3d e-con-full e-flex e-con e-child\" data-id=\"2eaee3d\" data-element_type=\"container\">\n\t\t\t\t<div class=\"elementor-element elementor-element-1724d3e elementor-align-center elementor-widget elementor-widget-button\" data-id=\"1724d3e\" data-element_type=\"widget\" data-widget_type=\"button.default\">\n\t\t\t\t<div class=\"elementor-widget-container\">\n\t\t\t\t\t\t\t\t\t<div class=\"elementor-button-wrapper\">\n\t\t\t\t\t<a class=\"elementor-button elementor-button-link elementor-size-sm\" href=\"https:\/\/atlanthal.maintenance.madare.dev\/en\/lorem-ipsum-2\/\">\n\t\t\t\t\t\t<span class=\"elementor-button-content-wrapper\">\n\t\t\t\t\t\t\t\t\t<span class=\"elementor-button-text\">Find out more<\/span>\n\t\t\t\t\t<\/span>\n\t\t\t\t\t<\/a>\n\t\t\t\t<\/div>\n\t\t\t\t\t\t\t\t<\/div>\n\t\t\t\t<\/div>\n\t\t\t\t<\/div>\n\t\t\t\t<\/div>\n\t\t\t\t<\/div>\n\t\t<style id=\"loop-dynamic-76\">.e-loop-item-5534 .elementor-element.elementor-element-f750e56:not(.elementor-motion-effects-element-type-background), .e-loop-item-5534 .elementor-element.elementor-element-f750e56 > .elementor-motion-effects-container > .elementor-motion-effects-layer{background-image:url(\"https:\/\/atlanthal.maintenance.madare.dev\/wp-content\/uploads\/2023\/08\/eau.jpg\");}<\/style>\t\t<div data-elementor-type=\"loop-item\" data-elementor-id=\"76\" class=\"elementor elementor-76 e-loop-item e-loop-item-5534 post-5534 post type-post status-publish format-standard hentry category-actualites\" data-elementor-post-type=\"elementor_library\" data-custom-edit-handle=\"1\">\n\t\t\t<div class=\"elementor-element elementor-element-1e6e9ac3 e-con-full e-flex e-con e-parent\" data-id=\"1e6e9ac3\" data-element_type=\"container\" data-settings=\"{&quot;background_background&quot;:&quot;classic&quot;}\">\n\t\t<div class=\"elementor-element elementor-element-f750e56 e-con-full e-flex e-con e-child\" data-id=\"f750e56\" data-element_type=\"container\" data-settings=\"{&quot;background_background&quot;:&quot;classic&quot;}\">\n\t\t\t\t<\/div>\n\t\t<div class=\"elementor-element elementor-element-0bc381a e-con-full e-flex e-con e-child\" data-id=\"0bc381a\" data-element_type=\"container\">\n\t\t\t\t<div class=\"elementor-element elementor-element-452e118 elementor-widget elementor-widget-heading\" data-id=\"452e118\" data-element_type=\"widget\" data-widget_type=\"heading.default\">\n\t\t\t\t<div class=\"elementor-widget-container\">\n\t\t\t\t\t<h2 class=\"elementor-heading-title elementor-size-default\">Lorem Ipsum 01<\/h2>\t\t\t\t<\/div>\n\t\t\t\t<\/div>\n\t\t\t\t<div class=\"elementor-element elementor-element-6ee399c elementor-widget elementor-widget-text-editor\" data-id=\"6ee399c\" data-element_type=\"widget\" data-widget_type=\"text-editor.default\">\n\t\t\t\t<div class=\"elementor-widget-container\">\n\t\t\t\t\t\t\t\t\t<p>Lorem ipsum dolor sit amet, consectetur adipiscing elit, sed do eiusmod tempor incididunt ut labore et dolore magna aliqua. Ut\t\t\t\t\t\t\t\t<\/div>\n\t\t\t\t<\/div>\n\t\t\t\t<\/div>\n\t\t<div class=\"elementor-element elementor-element-2eaee3d e-con-full e-flex e-con e-child\" data-id=\"2eaee3d\" data-element_type=\"container\">\n\t\t\t\t<div class=\"elementor-element elementor-element-1724d3e elementor-align-center elementor-widget elementor-widget-button\" data-id=\"1724d3e\" data-element_type=\"widget\" data-widget_type=\"button.default\">\n\t\t\t\t<div class=\"elementor-widget-container\">\n\t\t\t\t\t\t\t\t\t<div class=\"elementor-button-wrapper\">\n\t\t\t\t\t<a class=\"elementor-button elementor-button-link elementor-size-sm\" href=\"https:\/\/atlanthal.maintenance.madare.dev\/en\/lorem-ipsum\/\">\n\t\t\t\t\t\t<span class=\"elementor-button-content-wrapper\">\n\t\t\t\t\t\t\t\t\t<span class=\"elementor-button-text\">Find out more<\/span>\n\t\t\t\t\t<\/span>\n\t\t\t\t\t<\/a>\n\t\t\t\t<\/div>\n\t\t\t\t\t\t\t\t<\/div>\n\t\t\t\t<\/div>\n\t\t\t\t<\/div>\n\t\t\t\t<\/div>\n\t\t\t\t<\/div>\n\t\t\t\t<\/div>\n\t\t\n\t\t\t\t\t\t<\/div>\n\t\t\t\t<\/div>\n\t\t\t\t\t<\/div>\n\t\t\t\t<\/div>\n\t\t\t\t\t<\/div>\n\t\t\t\t<\/div>\n\t\t\t\t<\/div>","protected":false},"excerpt":{"rendered":"<p>Conseils &amp; Actualit\u00e9s D\u00e9couvrez toutes les actualit\u00e9s et les conseils de Belha Collection et des \u00e9tablissements du groupe<\/p>","protected":false},"author":21,"featured_media":0,"parent":0,"menu_order":0,"comment_status":"closed","ping_status":"closed","template":"","meta":{"inline_featured_image":false,"footnotes":""},"class_list":["post-237","page","type-page","status-publish","hentry"],"_links":{"self":[{"href":"https:\/\/atlanthal.maintenance.madare.dev\/en\/wp-json\/wp\/v2\/pages\/237","targetHints":{"allow":["GET"]}}],"collection":[{"href":"https:\/\/atlanthal.maintenance.madare.dev\/en\/wp-json\/wp\/v2\/pages"}],"about":[{"href":"https:\/\/atlanthal.maintenance.madare.dev\/en\/wp-json\/wp\/v2\/types\/page"}],"author":[{"embeddable":true,"href":"https:\/\/atlanthal.maintenance.madare.dev\/en\/wp-json\/wp\/v2\/users\/21"}],"replies":[{"embeddable":true,"href":"https:\/\/atlanthal.maintenance.madare.dev\/en\/wp-json\/wp\/v2\/comments?post=237"}],"version-history":[{"count":41,"href":"https:\/\/atlanthal.maintenance.madare.dev\/en\/wp-json\/wp\/v2\/pages\/237\/revisions"}],"predecessor-version":[{"id":5787,"href":"https:\/\/atlanthal.maintenance.madare.dev\/en\/wp-json\/wp\/v2\/pages\/237\/revisions\/5787"}],"wp:attachment":[{"href":"https:\/\/atlanthal.maintenance.madare.dev\/en\/wp-json\/wp\/v2\/media?parent=237"}],"curies":[{"name":"wp","href":"https:\/\/api.w.org\/{rel}","templated":true}]}}